{"id":223,"date":"2019-09-10T17:27:22","date_gmt":"2019-09-10T15:27:22","guid":{"rendered":"http:\/\/vereinigungskirche.at\/uca\/?page_id=223"},"modified":"2019-10-18T14:55:46","modified_gmt":"2019-10-18T12:55:46","slug":"ueber-uns","status":"publish","type":"page","link":"https:\/\/vereinigungskirche.at\/uca\/ueber-uns\/","title":{"rendered":"\u00dcber uns"},"content":{"rendered":"<section class=\"wpb-content-wrapper\">[vc_row css_animation=&#8221;&#8221; row_type=&#8221;row&#8221; use_row_as_full_screen_section=&#8221;no&#8221; type=&#8221;grid&#8221; angled_section=&#8221;no&#8221; text_align=&#8221;left&#8221; background_image_as_pattern=&#8221;without_pattern&#8221; css=&#8221;.vc_custom_1477991881291{padding-top: 84px !important;}&#8221;][vc_column offset=&#8221;vc_col-lg-6 vc_col-md-6&#8243;][vc_empty_space height=&#8221;8px&#8221;][vc_single_image image=&#8221;338&#8243; img_size=&#8221;full&#8221; dw_css_animation=&#8221;&#8221; qode_css_animation=&#8221;&#8221;][vc_empty_space height=&#8221;45px&#8221;][\/vc_column][vc_column offset=&#8221;vc_col-lg-6 vc_col-md-6&#8243;][vc_column_text]\n<h3>Wir stellen uns vor<\/h3>\n[\/vc_column_text][vc_empty_space height=&#8221;18px&#8221;][vc_column_text]Die Vereinigungskirche in \u00d6sterreich (VK\u00d6) als Teil der internationalen Vereinigungsbewegung ist eine staatlich eingetragene Bekenntnisgemeinschaft.<\/p>\n<p>Als solche haben wir die Vision die lebendige und pers\u00f6nliche Beziehung des Menschen mit Gott zu entwickeln und zu f\u00f6rdern, die Familie als Schule der Liebe zu st\u00e4rken und das Bewusstsein \u00fcber den Wert und Zweck der Sch\u00f6pfung zu bewahren.[\/vc_column_text][vc_empty_space height=&#8221;34px&#8221;]<a  itemprop=\"url\" href=\"https:\/\/vereinigungskirche.at\/uca\/wir-stellen-uns-vor\/\" target=\"_self\"  class=\"qbutton  default\" style=\"\">Weiterlesen...<\/a>[vc_empty_space height=&#8221;45px&#8221;][\/vc_column][\/vc_row][vc_row css_animation=&#8221;&#8221; row_type=&#8221;row&#8221; use_row_as_full_screen_section=&#8221;no&#8221; type=&#8221;grid&#8221; angled_section=&#8221;no&#8221; text_align=&#8221;left&#8221; background_image_as_pattern=&#8221;without_pattern&#8221; css=&#8221;.vc_custom_1477930462554{padding-top: 81px !important;}&#8221;][vc_column offset=&#8221;vc_col-lg-6 vc_col-md-6&#8243;][vc_column_text]\n<h3>Der Gr\u00fcnder<\/h3>\n[\/vc_column_text][vc_empty_space height=&#8221;18px&#8221;][vc_column_text]Rev. Sun Myung Moon, der Gr\u00fcnder der Vereinigungskirche, wurde am 25. Februar 1920 in der n\u00f6rdlichen Provinz <em>P\u2019y\u014fngan<\/em> im heutigen Nordkorea geboren. Neben der Vereinigungskirche errichtete er eine Vielzahl von Organisationen und Projekten, die alle dem Zweck der Errichtung des Weltfriedens dienen.<\/p>\n[\/vc_column_text][vc_empty_space height=&#8221;34px&#8221;]<a  itemprop=\"url\" href=\"https:\/\/vereinigungskirche.at\/uca\/der-gruender\/\" target=\"_self\"  class=\"qbutton  default\" style=\"\">Weiterlesen...<\/a>[vc_empty_space height=&#8221;45px&#8221;][\/vc_column][vc_column offset=&#8221;vc_col-lg-6 vc_col-md-6&#8243;][vc_empty_space height=&#8221;8px&#8221;][vc_single_image image=&#8221;341&#8243; img_size=&#8221;full&#8221; dw_css_animation=&#8221;&#8221; qode_css_animation=&#8221;&#8221;][vc_empty_space height=&#8221;45px&#8221;][\/vc_column][\/vc_row][vc_row css_animation=&#8221;&#8221; row_type=&#8221;row&#8221; use_row_as_full_screen_section=&#8221;no&#8221; type=&#8221;grid&#8221; angled_section=&#8221;no&#8221; text_align=&#8221;left&#8221; background_image_as_pattern=&#8221;without_pattern&#8221; css=&#8221;.vc_custom_1477930468034{padding-top: 81px !important;}&#8221;][vc_column offset=&#8221;vc_col-lg-6 vc_col-md-6&#8243;][vc_empty_space height=&#8221;8px&#8221;][vc_single_image image=&#8221;340&#8243; img_size=&#8221;full&#8221; dw_css_animation=&#8221;&#8221; qode_css_animation=&#8221;&#8221;][vc_empty_space height=&#8221;45px&#8221;][\/vc_column][vc_column offset=&#8221;vc_col-lg-6 vc_col-md-6&#8243;][vc_column_text]\n<h3>Unsere Geschichte<\/h3>\n[\/vc_column_text][vc_empty_space height=&#8221;18px&#8221;][vc_column_text]Die Vereinigungskirche ist die religi\u00f6se Kerngemeinschaft der Vereinigungsbewegung, die Rev. Moon am 1. Mai 1954 als Heilig-Geist-Gesellschaft zur Vereinigung des Weltchristentums in Seoul, S\u00fcdkorea, gr\u00fcndete. Der erste Missionar der Vereinigungskirche in \u00d6sterreich kam im Jahr 1965 an.<\/p>\n[\/vc_column_text][vc_empty_space height=&#8221;34px&#8221;]<a  itemprop=\"url\" href=\"https:\/\/vereinigungskirche.at\/uca\/unsere-geschichte\/\" target=\"_self\"  class=\"qbutton  default\" style=\"\">Weiterlesen...<\/a>[vc_empty_space height=&#8221;45px&#8221;][\/vc_column][\/vc_row][vc_row css_animation=&#8221;&#8221; row_type=&#8221;row&#8221; use_row_as_full_screen_section=&#8221;no&#8221; type=&#8221;full_width&#8221; angled_section=&#8221;no&#8221; text_align=&#8221;left&#8221; background_image_as_pattern=&#8221;without_pattern&#8221;][vc_column][vc_empty_space height=&#8221;50px&#8221;][\/vc_column][\/vc_row][vc_row css_animation=&#8221;&#8221; row_type=&#8221;row&#8221; use_row_as_full_screen_section=&#8221;no&#8221; type=&#8221;full_width&#8221; angled_section=&#8221;no&#8221; text_align=&#8221;left&#8221; background_image_as_pattern=&#8221;without_pattern&#8221; css=&#8221;.vc_custom_1568654262868{padding-top: 30px !important;padding-bottom: 30px !important;background-color: #ffffff !important;}&#8221; z_index=&#8221;&#8221;][vc_column]<div class='dw_carousels_holder clearfix'><div class='dw_carousels' data-number-of-visible-items='4'><ul class='slides'><li class='item'><div class=\"carousel_item_holder\"><a itemprop='url' href='https:\/\/www.facebook.com\/profile.php?id=100015984846910' target='_blank'><span class='first_image_holder has_hover_image'><img decoding=\"async\" itemprop=\"image\" src=\"https:\/\/vereinigungskirche.at\/uca\/wp-content\/uploads\/2019\/09\/w-carp-h.jpg\" alt=\"carousel image\" \/><\/span><span class='second_image_holder has_hover_image'><img decoding=\"async\" itemprop=\"image\" src=\"https:\/\/vereinigungskirche.at\/uca\/wp-content\/uploads\/2019\/09\/w-carp.jpg\" alt=\"carousel image\" \/><\/span><\/a><\/div><\/li><li class='item'><div class=\"carousel_item_holder\"><a itemprop='url' href='https:\/\/www.frauenfuerweltfrieden.org\/' target='_blank'><span class='first_image_holder has_hover_image'><img decoding=\"async\" itemprop=\"image\" src=\"https:\/\/vereinigungskirche.at\/uca\/wp-content\/uploads\/2019\/09\/wf-h.jpg\" alt=\"carousel image\" \/><\/span><span class='second_image_holder has_hover_image'><img decoding=\"async\" itemprop=\"image\" src=\"https:\/\/vereinigungskirche.at\/uca\/wp-content\/uploads\/2019\/09\/wf.jpg\" alt=\"carousel image\" \/><\/span><\/a><\/div><\/li><li class='item'><div class=\"carousel_item_holder\"><a itemprop='url' href='http:\/\/weltfriede.at\/' target='_blank'><span class='first_image_holder has_hover_image'><img decoding=\"async\" itemprop=\"image\" src=\"https:\/\/vereinigungskirche.at\/uca\/wp-content\/uploads\/2019\/09\/upf-h.jpg\" alt=\"carousel image\" \/><\/span><span class='second_image_holder has_hover_image'><img decoding=\"async\" itemprop=\"image\" src=\"https:\/\/vereinigungskirche.at\/uca\/wp-content\/uploads\/2019\/09\/upf.jpg\" alt=\"carousel image\" \/><\/span><\/a><\/div><\/li><li class='item'><div class=\"carousel_item_holder\"><a itemprop='url' href='https:\/\/www.famfed.org\/' target='_blank'><span class='first_image_holder has_hover_image'><img decoding=\"async\" itemprop=\"image\" src=\"https:\/\/vereinigungskirche.at\/uca\/wp-content\/uploads\/2019\/09\/famfed-h.jpg\" alt=\"carousel image\" \/><\/span><span class='second_image_holder has_hover_image'><img decoding=\"async\" itemprop=\"image\" src=\"https:\/\/vereinigungskirche.at\/uca\/wp-content\/uploads\/2019\/09\/famfed.jpg\" alt=\"carousel image\" \/><\/span><\/a><\/div><\/li><li class='item'><div class=\"carousel_item_holder\"><a itemprop='url' href='https:\/\/www.facebook.com\/profile.php?id=100015984846910' target='_blank'><span class='first_image_holder has_hover_image'><img decoding=\"async\" itemprop=\"image\" src=\"https:\/\/vereinigungskirche.at\/uca\/wp-content\/uploads\/2019\/09\/w-carp-h.jpg\" alt=\"carousel image\" \/><\/span><span class='second_image_holder has_hover_image'><img decoding=\"async\" itemprop=\"image\" src=\"https:\/\/vereinigungskirche.at\/uca\/wp-content\/uploads\/2019\/09\/w-carp.jpg\" alt=\"carousel image\" \/><\/span><\/a><\/div><\/li><li class='item'><div class=\"carousel_item_holder\"><a itemprop='url' href='https:\/\/www.frauenfuerweltfrieden.org\/' target='_blank'><span class='first_image_holder has_hover_image'><img decoding=\"async\" itemprop=\"image\" src=\"https:\/\/vereinigungskirche.at\/uca\/wp-content\/uploads\/2019\/09\/wf-h.jpg\" alt=\"carousel image\" \/><\/span><span class='second_image_holder has_hover_image'><img decoding=\"async\" itemprop=\"image\" src=\"https:\/\/vereinigungskirche.at\/uca\/wp-content\/uploads\/2019\/09\/wf.jpg\" alt=\"carousel image\" \/><\/span><\/a><\/div><\/li><li class='item'><div class=\"carousel_item_holder\"><a itemprop='url' href='http:\/\/weltfriede.at\/' target='_blank'><span class='first_image_holder has_hover_image'><img decoding=\"async\" itemprop=\"image\" src=\"https:\/\/vereinigungskirche.at\/uca\/wp-content\/uploads\/2019\/09\/upf-h.jpg\" alt=\"carousel image\" \/><\/span><span class='second_image_holder has_hover_image'><img decoding=\"async\" itemprop=\"image\" src=\"https:\/\/vereinigungskirche.at\/uca\/wp-content\/uploads\/2019\/09\/upf.jpg\" alt=\"carousel image\" \/><\/span><\/a><\/div><\/li><li class='item'><div class=\"carousel_item_holder\"><a itemprop='url' href='https:\/\/www.famfed.org\/' target='_blank'><span class='first_image_holder has_hover_image'><img decoding=\"async\" itemprop=\"image\" src=\"https:\/\/vereinigungskirche.at\/uca\/wp-content\/uploads\/2019\/09\/famfed-h.jpg\" alt=\"carousel image\" \/><\/span><span class='second_image_holder has_hover_image'><img decoding=\"async\" itemprop=\"image\" src=\"https:\/\/vereinigungskirche.at\/uca\/wp-content\/uploads\/2019\/09\/famfed.jpg\" alt=\"carousel image\" \/><\/span><\/a><\/div><\/li><\/ul><\/div><\/div>[\/vc_column][\/vc_row]\n<\/section>","protected":false},"excerpt":{"rendered":"<p>[vc_row css_animation=&#8221;&#8221; row_type=&#8221;row&#8221; use_row_as_full_screen_section=&#8221;no&#8221; type=&#8221;grid&#8221; angled_section=&#8221;no&#8221; text_align=&#8221;left&#8221; background_image_as_pattern=&#8221;without_pattern&#8221; css=&#8221;.vc_custom_1477991881291{padding-top: 84px !important;}&#8221;][vc_column offset=&#8221;vc_col-lg-6 vc_col-md-6&#8243;][vc_empty_space height=&#8221;8px&#8221;][vc_single_image image=&#8221;338&#8243; img_size=&#8221;full&#8221; dw_css_animation=&#8221;&#8221; qode_css_animation=&#8221;&#8221;][vc_empty_space height=&#8221;45px&#8221;][\/vc_column][vc_column offset=&#8221;vc_col-lg-6 vc_col-md-6&#8243;][vc_column_text] Wir stellen uns vor [\/vc_column_text][vc_empty_space height=&#8221;18px&#8221;][vc_column_text]Die Vereinigungskirche in \u00d6sterreich (VK\u00d6) als Teil der internationalen Vereinigungsbewegung ist eine staatlich eingetragene Bekenntnisgemeinschaft. Als solche haben wir&#8230;<\/p>\n","protected":false},"author":3,"featured_media":0,"parent":0,"menu_order":0,"comment_status":"closed","ping_status":"closed","template":"full_width.php","meta":{"footnotes":""},"class_list":["post-223","page","type-page","status-publish","hentry"],"_links":{"self":[{"href":"https:\/\/vereinigungskirche.at\/uca\/wp-json\/wp\/v2\/pages\/223","targetHints":{"allow":["GET"]}}],"collection":[{"href":"https:\/\/vereinigungskirche.at\/uca\/wp-json\/wp\/v2\/pages"}],"about":[{"href":"https:\/\/vereinigungskirche.at\/uca\/wp-json\/wp\/v2\/types\/page"}],"author":[{"embeddable":true,"href":"https:\/\/vereinigungskirche.at\/uca\/wp-json\/wp\/v2\/users\/3"}],"replies":[{"embeddable":true,"href":"https:\/\/vereinigungskirche.at\/uca\/wp-json\/wp\/v2\/comments?post=223"}],"version-history":[{"count":0,"href":"https:\/\/vereinigungskirche.at\/uca\/wp-json\/wp\/v2\/pages\/223\/revisions"}],"wp:attachment":[{"href":"https:\/\/vereinigungskirche.at\/uca\/wp-json\/wp\/v2\/media?parent=223"}],"curies":[{"name":"wp","href":"https:\/\/api.w.org\/{rel}","templated":true}]}}