{"id":1844,"date":"2020-02-11T19:54:32","date_gmt":"2020-02-11T18:54:32","guid":{"rendered":"https:\/\/vereinigungskirche.at\/?page_id=1844"},"modified":"2020-04-30T00:54:08","modified_gmt":"2020-04-29T22:54:08","slug":"vk-downloads","status":"publish","type":"page","link":"https:\/\/vereinigungskirche.at\/uca\/vk-downloads\/","title":{"rendered":"VK-Downloads"},"content":{"rendered":"<h3>Willkommen im Downloadbereich!<\/h3>\n<p>In unserem Downloadbereich finden Sie Informationsmaterial \u00fcber die Vereinigungskirche.<\/p>\n<p>&nbsp;<\/p>\n<h5>B\u00fccher<\/h5>\n<div class=\"lana-download-shortcode\"><p><a class=\"btn btn-primary lana-download\" href=\"http:\/\/vereinigungskirche.at\/uca\/download\/das-gottliche-prinzip\/\" role=\"button\">Das G\u00f6ttliche Prinzip <\/a><\/p><\/div>\n<p>&nbsp;<\/p>\n<h5>Ansprachen<\/h5>\n<p><a href=\"https:\/\/vereinigungskirche.at\/uca\/wp-content\/uploads\/2019\/09\/Auf-der-Suche-nach-dem-Ursprung-des-Universums.pdf\" target=\"_blank\" rel=\"noopener noreferrer\">Auf der Suche nach dem Ursprung des Universums<\/a><\/p>\n<p><a href=\"https:\/\/vereinigungskirche.at\/uca\/wp-content\/uploads\/2019\/09\/Der-\u00dcbergang-in-die-geistige-Welt.pdf\" target=\"_blank\" rel=\"noopener noreferrer\">Der \u00dcbergang in die geistige Welt<\/a><\/p>\n<p><a href=\"https:\/\/vereinigungskirche.at\/uca\/wp-content\/uploads\/2019\/09\/Der-Weg-den-die-Kampfsportf\u00f6deration-f\u00fcr-Weltfrieden-gehen-sollte.pdf\" target=\"_blank\" rel=\"noopener noreferrer\">Der Weg, den die Kampfsportf\u00f6deration f\u00fcr Weltfrieden gehen sollte<\/a><\/p>\n<p><a href=\"https:\/\/vereinigungskirche.at\/uca\/wp-content\/uploads\/2019\/09\/Der-Weg-zum-Weltfrieden-aus-der-Sicht-des-g\u00f6ttlichen-Willens.pdf\" target=\"_blank\" rel=\"noopener noreferrer\">Der Weg zum Weltfrieden aus der Sicht des g\u00f6ttlichen Willens<\/a><\/p>\n<p><a href=\"https:\/\/vereinigungskirche.at\/uca\/wp-content\/uploads\/2019\/09\/Die-Achtung-vor-der-Natur.pdf\" target=\"_blank\" rel=\"noopener noreferrer\">Die Achtung vor der Natur<\/a><\/p>\n<p><a href=\"https:\/\/vereinigungskirche.at\/uca\/wp-content\/uploads\/2019\/09\/Die-Entwicklung-des-Herzens.pdf\" target=\"_blank\" rel=\"noopener noreferrer\">Die Entwicklung des Herzens<\/a><\/p>\n<p><a href=\"https:\/\/vereinigungskirche.at\/uca\/wp-content\/uploads\/2019\/09\/Die-Erneuerung-der-Vereinten-Nationen-und-die-Bildung-einer-Kultur-des-Friedens.pdf\" target=\"_blank\" rel=\"noopener noreferrer\">Die Erneuerung der Vereinten Nationen und die Bildung einer Kultur des Friedens<\/a><\/p>\n<p><a href=\"https:\/\/vereinigungskirche.at\/uca\/wp-content\/uploads\/2019\/09\/Die-Familie-und-ein-globales-K\u00f6nigreich-gegr\u00fcndet-auf-eine-absolute-Sexualmoral-sind-Gottes-Ideal-und-Modell-f\u00fcr-den-Frieden.pdf\" target=\"_blank\" rel=\"noopener noreferrer\">Die Familie und ein globales K\u00f6nigreich gegr\u00fcndet auf eine absolute Sexualmoral sind Gottes Ideal und Modell f\u00fcr den Frieden<\/a><\/p>\n<p><a href=\"https:\/\/vereinigungskirche.at\/uca\/wp-content\/uploads\/2019\/09\/Die-Mission-der-Religionen-in-der-Errichtung-des-Weltfriedens.pdf\" target=\"_blank\" rel=\"noopener noreferrer\">Die Mission der Religionen in der Errichtung des Weltfriedens<\/a><\/p>\n<p><a href=\"https:\/\/vereinigungskirche.at\/uca\/wp-content\/uploads\/2019\/09\/Die-Rolle-der-Einheit-der-Wissenschaften-in-der-moralischen-Orientierung-der-Welt.pdf\" target=\"_blank\" rel=\"noopener noreferrer\">Die Rolle der Einheit der Wissenschaften in der moralischen Orientierung der Welt<\/a><\/p>\n<p><a href=\"https:\/\/vereinigungskirche.at\/uca\/wp-content\/uploads\/2019\/09\/Die-zentrale-Rolle-der-Frau-in-der-idealen-Welt.pdf\" target=\"_blank\" rel=\"noopener noreferrer\">Die zentrale Rolle der Frau in der idealen Welt<\/a><\/p>\n<p><a href=\"https:\/\/vereinigungskirche.at\/uca\/wp-content\/uploads\/2019\/09\/Die-Zukunft-des-Christentums.pdf\" target=\"_blank\" rel=\"noopener noreferrer\">Die Zukunft des Christentums<\/a><\/p>\n<p><a href=\"https:\/\/vereinigungskirche.at\/uca\/wp-content\/uploads\/2019\/09\/Gottes-ideale-Familie.pdf\" target=\"_blank\" rel=\"noopener noreferrer\">Gottes ideale Familie \u2013 das K\u00f6nigreich der friedvollen, idealen Welt<\/a><\/p>\n<p><a href=\"https:\/\/vereinigungskirche.at\/uca\/wp-content\/uploads\/2019\/09\/Gott-ist-unser-K\u00f6nig-und-Wahre-Eltern.pdf\" target=\"_blank\" rel=\"noopener noreferrer\">Gott ist unser K\u00f6nig und Wahre Eltern<\/a><\/p>\n<p><a href=\"https:\/\/vereinigungskirche.at\/uca\/wp-content\/uploads\/2019\/09\/Gott-und-die-vereinigte-Welt-des-Friedens.pdf\" target=\"_blank\" rel=\"noopener noreferrer\">Gott und die vereinigte Welt des Friedens<\/a><\/p>\n<p><a href=\"https:\/\/vereinigungskirche.at\/uca\/wp-content\/uploads\/2019\/09\/Medien-und-die-Globalisierung-mit-Blickrichtung-auf-das-21.-Jahrhundert.pdf\" target=\"_blank\" rel=\"noopener noreferrer\">Medien und die Globalisierung mit Blickrichtung auf das 21. Jahrhundert<\/a><\/p>\n<p><a href=\"https:\/\/vereinigungskirche.at\/uca\/wp-content\/uploads\/2019\/09\/Programm-f\u00fcr-den-Frieden.pdf\" target=\"_blank\" rel=\"noopener noreferrer\">Programm f\u00fcr den Frieden, der Islam und die Errichtung des Weltfriedens<\/a><\/p>\n<p><a href=\"https:\/\/vereinigungskirche.at\/uca\/wp-content\/uploads\/2019\/09\/\u00dcber-das-Herz.pdf\" target=\"_blank\" rel=\"noopener noreferrer\">\u00dcber das Herz<\/a><\/p>\n<p>&nbsp;<\/p>\n<h5>Literatur<\/h5>\n<p><a href=\"https:\/\/vereinigungskirche.at\/uca\/wp-content\/uploads\/2019\/09\/Bezugsorientiert-denken.pdf\" target=\"_blank\" rel=\"noopener noreferrer\">Bezugsorientiert denken<\/a><\/p>\n<p><a href=\"https:\/\/vereinigungskirche.at\/uca\/wp-content\/uploads\/2019\/09\/Bibel-und-G\u00f6ttliche-Prinzipien.pdf\" target=\"_blank\" rel=\"noopener noreferrer\">Bibel und G\u00f6ttliche Prinzipien<\/a><\/p>\n<p><a href=\"https:\/\/vereinigungskirche.at\/uca\/wp-content\/uploads\/2019\/09\/Die-Vereinigungsprinzipien.pdf\" target=\"_blank\" rel=\"noopener noreferrer\">Die Vereinigungsprinzipien<\/a><\/p>\n<p><a href=\"https:\/\/vereinigungskirche.at\/uca\/wp-content\/uploads\/2019\/09\/Eine-neue-Vision-f\u00fcr-den-Weltfrieden.pdf\" target=\"_blank\" rel=\"noopener noreferrer\">Eine neue Vision f\u00fcr den Weltfrieden<\/a><\/p>\n<p><a href=\"https:\/\/vereinigungskirche.at\/uca\/wp-content\/uploads\/2019\/09\/Gottes-Herz-heilen.pdf\" target=\"_blank\" rel=\"noopener noreferrer\">Gottes-Herz-heilen<\/a><\/p>\n<p><a href=\"https:\/\/vereinigungskirche.at\/uca\/wp-content\/uploads\/2019\/09\/Pioneers_of_the_Heavenly_Kingdom.pdf\" target=\"_blank\" rel=\"noopener noreferrer\">Pioneers of the Heavenly Kingdom: The Austrian Unification Movement<\/a><\/p>\n<p><a href=\"https:\/\/vereinigungskirche.at\/uca\/wp-content\/uploads\/2019\/10\/praes_Glaube_Religion_Schulen_Kindergaerten_.pdf\" target=\"_blank\" rel=\"noopener noreferrer\">Glaube &amp; Religion &#8211; Informationsbrosch\u00fcre f\u00fcr Schulen und Kinderg\u00e4rten<\/a><\/p>\n<p><a href=\"https:\/\/vereinigungskirche.at\/uca\/wp-content\/uploads\/2019\/09\/Segen-der-Liebe.pdf\" target=\"_blank\" rel=\"noopener noreferrer\">Segen der Liebe<\/a><\/p>\n<p><a href=\"https:\/\/vereinigungskirche.at\/uca\/wp-content\/uploads\/2019\/09\/SUN-MYUNG-MOON.pdf\" target=\"_blank\" rel=\"noopener noreferrer\">Sun Myung Moon<\/a><\/p>\n<p><a href=\"https:\/\/vereinigungskirche.at\/uca\/wp-content\/uploads\/2019\/10\/Theologie-Kurzfassung-aktuell.pdf\" target=\"_blank\" rel=\"noopener noreferrer\">Gott in Seiner Sch\u00f6pfung<\/a><\/p>\n<p><a href=\"https:\/\/vereinigungskirche.at\/uca\/wp-content\/uploads\/2019\/09\/To_Restore_This_Nation.pdf\" target=\"_blank\" rel=\"noopener noreferrer\">To Restore This Nation: The Unification Movement in Austria \u2013 Background and Early Years<\/a><\/p>\n<p><a href=\"https:\/\/vereinigungskirche.at\/uca\/wp-content\/uploads\/2019\/09\/Vereinigungstheologie.pdf\" target=\"_blank\" rel=\"noopener noreferrer\">Vereinigungstheologie \u2013 Eine Ann\u00e4hrung<\/a><\/p>\n<p>&nbsp;<\/p>\n<p>&nbsp;<\/p>\n<p>&nbsp;<\/p>\n<p>&nbsp;<\/p>\n","protected":false},"excerpt":{"rendered":"<p>Willkommen im Downloadbereich! In unserem Downloadbereich finden Sie Informationsmaterial \u00fcber die Vereinigungskirche. &nbsp; B\u00fccher &nbsp; Ansprachen Auf der Suche nach dem Ursprung des Universums Der \u00dcbergang in die geistige Welt Der Weg, den die Kampfsportf\u00f6deration f\u00fcr Weltfrieden gehen sollte Der Weg zum Weltfrieden aus der&#8230;<\/p>\n","protected":false},"author":1,"featured_media":0,"parent":0,"menu_order":0,"comment_status":"closed","ping_status":"closed","template":"","meta":{"footnotes":""},"class_list":["post-1844","page","type-page","status-publish","hentry"],"_links":{"self":[{"href":"https:\/\/vereinigungskirche.at\/uca\/wp-json\/wp\/v2\/pages\/1844","targetHints":{"allow":["GET"]}}],"collection":[{"href":"https:\/\/vereinigungskirche.at\/uca\/wp-json\/wp\/v2\/pages"}],"about":[{"href":"https:\/\/vereinigungskirche.at\/uca\/wp-json\/wp\/v2\/types\/page"}],"author":[{"embeddable":true,"href":"https:\/\/vereinigungskirche.at\/uca\/wp-json\/wp\/v2\/users\/1"}],"replies":[{"embeddable":true,"href":"https:\/\/vereinigungskirche.at\/uca\/wp-json\/wp\/v2\/comments?post=1844"}],"version-history":[{"count":0,"href":"https:\/\/vereinigungskirche.at\/uca\/wp-json\/wp\/v2\/pages\/1844\/revisions"}],"wp:attachment":[{"href":"https:\/\/vereinigungskirche.at\/uca\/wp-json\/wp\/v2\/media?parent=1844"}],"curies":[{"name":"wp","href":"https:\/\/api.w.org\/{rel}","templated":true}]}}