{"id":1195,"date":"2019-10-19T08:38:48","date_gmt":"2019-10-19T06:38:48","guid":{"rendered":"https:\/\/vereinigungskirche.at\/?page_id=1195"},"modified":"2025-10-08T16:35:09","modified_gmt":"2025-10-08T14:35:09","slug":"impressum","status":"publish","type":"page","link":"https:\/\/vereinigungskirche.at\/uca\/impressum\/","title":{"rendered":"Impressum"},"content":{"rendered":"<h3>Impressum<\/h3>\n<p>&nbsp;<\/p>\n<p>Offenlegung gem\u00e4\u00df \u00a7 25 des Mediengesetzes<\/p>\n<p>&nbsp;<\/p>\n<h5>Vereinigungskirche.at ist ein Projekt der \u00d6ffentlichkeitsarbeit der Vereinigungskirche in \u00d6sterreich.<\/h5>\n<p>&nbsp;<\/p>\n<h6>Eigent\u00fcmer und Herausgeber:<\/h6>\n<p>Vereinigungskirche in \u00d6sterreich (VK\u00d6)<\/p>\n<p>Pr\u00e4sidentin: Mag. Elisabeth Cook<\/p>\n<p>Adresse: Seidengasse 28\/4, 1070 Wien<\/p>\n<p>Telefon: +43 650 601 5434<\/p>\n<p>E-Mail: office@vereinigungskirche.at<\/p>\n<p>&nbsp;<\/p>\n<h6>Grundlegende Richtung<\/h6>\n<p>Diese Seite ist der offizielle Webauftritt der Vereinigungskirche in \u00d6sterreich.<\/p>\n<h6>Graphik, Design, Konzeption und technische Realisierung:<\/h6>\n<p><a href=\"https:\/\/www.designwelt.at\" target=\"_blank\" rel=\"noopener noreferrer\">Designwelt.at<\/a><\/p>\n<p>&nbsp;<\/p>\n<h6>Copyright<\/h6>\n<p>An allen abrufbaren Texten, Grafiken, Fotos, Logos\/Marken, Designs u.\u00e4. (im folgenden \u201eInhalte&#8221;) bestehen Rechte (Urheber-, Markenschutz-, und sonstige Immaterialg\u00fcterrechte). Die Verwendung ist daher nur im Rahmen der gesetzlichen und\/oder eventueller vertraglicher Bestimmungen gestattet. Rechte f\u00fcr eine Verwendung oder weitere Verbreitung dieser Inhalte sind ausschlie\u00dflich mit dem Rechteinhaber zu kl\u00e4ren.<\/p>\n<p>&nbsp;<\/p>\n<p><a href=\"https:\/\/vereinigungskirche.at\/datenschutz\/\">Datenschutz<\/a><\/p>\n<p>&nbsp;<\/p>\n<p>&nbsp;<\/p>\n","protected":false},"excerpt":{"rendered":"<p>Impressum &nbsp; Offenlegung gem\u00e4\u00df \u00a7 25 des Mediengesetzes &nbsp; Vereinigungskirche.at ist ein Projekt der \u00d6ffentlichkeitsarbeit der Vereinigungskirche in \u00d6sterreich. &nbsp; Eigent\u00fcmer und Herausgeber: Vereinigungskirche in \u00d6sterreich (VK\u00d6) Pr\u00e4sidentin: Mag. Elisabeth Cook Adresse: Seidengasse 28\/4, 1070 Wien Telefon: +43 650 601 5434 E-Mail: office@vereinigungskirche.at &nbsp; Grundlegende&#8230;<\/p>\n","protected":false},"author":3,"featured_media":0,"parent":0,"menu_order":0,"comment_status":"closed","ping_status":"closed","template":"","meta":{"footnotes":""},"class_list":["post-1195","page","type-page","status-publish","hentry"],"_links":{"self":[{"href":"https:\/\/vereinigungskirche.at\/uca\/wp-json\/wp\/v2\/pages\/1195","targetHints":{"allow":["GET"]}}],"collection":[{"href":"https:\/\/vereinigungskirche.at\/uca\/wp-json\/wp\/v2\/pages"}],"about":[{"href":"https:\/\/vereinigungskirche.at\/uca\/wp-json\/wp\/v2\/types\/page"}],"author":[{"embeddable":true,"href":"https:\/\/vereinigungskirche.at\/uca\/wp-json\/wp\/v2\/users\/3"}],"replies":[{"embeddable":true,"href":"https:\/\/vereinigungskirche.at\/uca\/wp-json\/wp\/v2\/comments?post=1195"}],"version-history":[{"count":2,"href":"https:\/\/vereinigungskirche.at\/uca\/wp-json\/wp\/v2\/pages\/1195\/revisions"}],"predecessor-version":[{"id":2290,"href":"https:\/\/vereinigungskirche.at\/uca\/wp-json\/wp\/v2\/pages\/1195\/revisions\/2290"}],"wp:attachment":[{"href":"https:\/\/vereinigungskirche.at\/uca\/wp-json\/wp\/v2\/media?parent=1195"}],"curies":[{"name":"wp","href":"https:\/\/api.w.org\/{rel}","templated":true}]}}